{"id":162,"date":"2018-11-26T21:40:19","date_gmt":"2018-11-26T20:40:19","guid":{"rendered":"http:\/\/173.249.36.217:82\/?page_id=162"},"modified":"2024-01-17T20:57:28","modified_gmt":"2024-01-17T19:57:28","slug":"kontakt","status":"publish","type":"page","link":"https:\/\/kantorei-an-der-melanchthonkirche.de\/index.php\/kontakt\/","title":{"rendered":"Kontakt"},"content":{"rendered":"<h1>Kontakt<\/h1>\n<p><strong>Kontaktdaten:<br \/>\n<\/strong>Kantorei an der Melanchthonkirche<br \/>\nK\u00f6nigsallee 48<br \/>\n44789 Bochum<br \/>\nTel.: 02 34 \/ 31 22 41<\/p>\n<p><b>Lage:<\/b><br \/>\nDie Melanchthonkirche befindet sich an der K\u00f6nigsallee etwa 200 m stadtausw\u00e4rts vom Schauspielhaus an der Kreuzung mit der Friederikastra\u00dfe.<\/p>\n","protected":false},"excerpt":{"rendered":"<p>Kontakt Kontaktdaten: Kantorei an der Melanchthonkirche K\u00f6nigsallee 48 44789 Bochum Tel.: 02 34 \/ 31 22 41 Lage: Die Melanchthonkirche befindet sich an der K\u00f6nigsallee etwa 200 m stadtausw\u00e4rts vom Schauspielhaus an der Kreuzung mit der Friederikastra\u00dfe.<\/p>\n","protected":false},"author":3,"featured_media":0,"parent":0,"menu_order":0,"comment_status":"closed","ping_status":"closed","template":"","meta":{"footnotes":""},"class_list":["post-162","page","type-page","status-publish","hentry","nodate","item-wrap"],"_links":{"self":[{"href":"https:\/\/kantorei-an-der-melanchthonkirche.de\/index.php\/wp-json\/wp\/v2\/pages\/162","targetHints":{"allow":["GET"]}}],"collection":[{"href":"https:\/\/kantorei-an-der-melanchthonkirche.de\/index.php\/wp-json\/wp\/v2\/pages"}],"about":[{"href":"https:\/\/kantorei-an-der-melanchthonkirche.de\/index.php\/wp-json\/wp\/v2\/types\/page"}],"author":[{"embeddable":true,"href":"https:\/\/kantorei-an-der-melanchthonkirche.de\/index.php\/wp-json\/wp\/v2\/users\/3"}],"replies":[{"embeddable":true,"href":"https:\/\/kantorei-an-der-melanchthonkirche.de\/index.php\/wp-json\/wp\/v2\/comments?post=162"}],"version-history":[{"count":4,"href":"https:\/\/kantorei-an-der-melanchthonkirche.de\/index.php\/wp-json\/wp\/v2\/pages\/162\/revisions"}],"predecessor-version":[{"id":383,"href":"https:\/\/kantorei-an-der-melanchthonkirche.de\/index.php\/wp-json\/wp\/v2\/pages\/162\/revisions\/383"}],"wp:attachment":[{"href":"https:\/\/kantorei-an-der-melanchthonkirche.de\/index.php\/wp-json\/wp\/v2\/media?parent=162"}],"curies":[{"name":"wp","href":"https:\/\/api.w.org\/{rel}","templated":true}]}}