{"id":18,"date":"2018-10-22T13:31:26","date_gmt":"2018-10-22T11:31:26","guid":{"rendered":"http:\/\/173.249.36.217:82\/?page_id=18"},"modified":"2026-02-25T18:40:06","modified_gmt":"2026-02-25T17:40:06","slug":"startseite","status":"publish","type":"page","link":"https:\/\/kantorei-an-der-melanchthonkirche.de\/","title":{"rendered":"Der Chor"},"content":{"rendered":"<div class=\"csc-header csc-header-n1\">\n<h3>Willkommen!<\/h3>\n<p class=\"csc-firstHeader\"><span style=\"color: #4a474b; font-size: 16px;\">S\u00e4ngerinnen und S\u00e4nger der Kantorei an der Melanchthonkirche und ihr Chorleiter Ludwig Kaiser begr\u00fc\u00dfen Sie herzlich bei Ihrem Besuch auf der Website des Chores, der in Bochum als Konzertchor mit Profil bekannt ist.<\/span><\/p>\n<p class=\"csc-firstHeader\">Der ausgewogene und differenzierte Klang der Kantorei und die dynamische Ausstrahlung der ca. 40 Chormitglieder sind Ergebnis der intensiven Arbeit mit Ludwig Kaiser, der es versteht, traditionelle und moderne Werke mit gro\u00dfer Ausdruckskraft zum Klingen zu bringen.<\/p>\n<\/div>\n<p class=\"bodytext\">Zweimal j\u00e4hrlich tritt der Chor mit Werken \u00fcberwiegend geistlicher Vokalmusik in der Melanchthonkirche auf, weitere kleinere Situationen k\u00f6nnen sich im Kulturraum Melanchthonkirche ergeben sowie in gottesdienstlichen Veranstaltungen der Kirchengemeinde Bochum-Wiemelhausen.<\/p>\n<p class=\"bodytext\">Auf den folgenden Seiten m\u00f6chten wir Ihr Interesse an unserem Chor und seinen Veranstaltungen wecken. Sie finden neben dem aktuellen Programm Konzertkritiken, Informationen zur Ausrichtung des Chores sowie Kontaktm\u00f6glichkeiten<\/p>\n<p>&nbsp;<\/p>\n<div>\n<p class=\"xmsonormal\">Sonntag, 8. M\u00e4rz 2026, 18:00 Uhr<br \/>\nMelanchthonkirche Bochum<\/p>\n<\/div>\n<div>\n<h3 class=\"xmsonormal\"><b>Passion.Leidenschaft<\/b><\/h3>\n<\/div>\n<div>\n<p class=\"xmsonormal\"><strong>Musik von John Dowland, Henry Purcell, Felix Mendelssohn Bartholdy, Astor Piazzolla u.a.<\/strong><\/p>\n<\/div>\n<div>\n<p class=\"xmsonormal\"><img loading=\"lazy\" decoding=\"async\" class=\"alignnone wp-image-536\" src=\"https:\/\/ludwigkaiser.de\/wp-content\/uploads\/2020\/01\/MG_8132-1024x683.jpg\" alt=\"\" width=\"578\" height=\"385\" \/><\/p>\n<p>Klavier: Tobias Bredohl<br \/>\nAkkordeon: Dr. Maik Hester<br \/>\nKantorei an der Melanchthonkirche<\/p>\n<\/div>\n<div>\n<p>Leitung: Ludwig Kaiser<\/p>\n<p>Eintritt: 20 | 10<br \/>\nReservierungen bitte unter\u00a0Tel. 0234 3252448 oder unter<br \/>\n<a href=\"http:\/\/www.kulturraum-melanchthonkirche.de\/\">www.kulturraum-melanchthonkirche.de<\/a><\/p>\n<p><strong>\u00a0<\/strong>Was verbindet die <em>Moments musicaux<\/em> von Franz Schubert mit Henry Purcells <em>Music for a while<\/em> und Astor Piazzollas <em>Adios Nonino<\/em>? \u00a0Es ist die Hingabe an den gegenw\u00e4rtigen Augenblick, die Musik \u00fcber die Jahrhunderte hinweg vereint.<\/p>\n<p>Warum kann ein Programm in der Passionszeit von \u201aweltlichen Leidenschaften\u2018 handeln?<br \/>\nWeil es das Dilemma aller geistlichen Musik ist, den vermeintlichen Inhalt zwar durch die Wahl eines Titels oder eines zu vertonenden Textes, nicht aber eigentlich musikalisch ausdr\u00fccken zu k\u00f6nnen. Denn Musik ist nur ihren eigenen Sprachintentionen verpflichtet, durchaus des Geistes voll, doch an keine Konfession gebunden &#8211; auch im Gegensatz nicht schlichtweg weltlich!<\/p>\n<p>So dichtet Paul Gerhardt sein Passionslied <em>O Haupt voll Blut und Wunden <\/em>auf die Melodie des Liedes <em>Mein G\u2019m\u00fct ist mir verwirret, das macht ein Jungfrau zart<\/em> des Hans Leo Hassler aus seinem <em>Lustgarten neuer teutscher Ges\u00e4ng.<\/em><\/p>\n<p>Dass sich ein Passionslied mit dem Leiden Jesu besch\u00e4ftigt und das weltliche Pendant von leidenschaft(lichen) Verwirrungen handelt &#8211; irritiert.<\/p>\n<p>Doch begegnen wir in der Dichtung Paul Gerhardts einer erotisch-mystischen Tradition des Passionsstoffes, einer Tradition, die K\u00f6rperlichkeit, Leidenschaft und N\u00e4he von Lust und Schmerz kennt. Gerhardt kn\u00fcpft mit seiner Lieddichtung direkt an den Hymnus \u00a0<em>Salve caput cruentatum <\/em>des Arnulph von L\u00f6wen an. So sieht er im gesch\u00e4ndeten \u201aedlen Angesicht\u2018 Jesu noch die \u201aFarben \u00a0seiner Wangen\u2018, der \u201aroten Lippen Pracht\u2018, die nun vergangen ist, \u00a0spricht von Jesu Mund, der ihn \u201agelabet hat, mit Milch und s\u00fc\u00dfer Kost\u2018 &#8211; mancherlei Himmelslust miteingeschlossen. Und auch im letzten Todessto\u00df will er Jesus fassen \u201ain Arm und Scho\u00df\u2018.<\/p>\n<p>Ludwig Kaiser<\/p>\n<\/div>\n<div>\n<p>&nbsp;<\/p>\n<\/div>\n<p>&nbsp;<\/p>\n","protected":false},"excerpt":{"rendered":"<p>Willkommen! S\u00e4ngerinnen und S\u00e4nger der Kantorei an der Melanchthonkirche und ihr Chorleiter Ludwig Kaiser begr\u00fc\u00dfen Sie herzlich bei Ihrem Besuch auf der Website des Chores, der in Bochum als Konzertchor mit Profil bekannt ist. Der ausgewogene und differenzierte Klang der Kantorei und die dynamische Ausstrahlung der ca. 40 Chormitglieder sind Ergebnis der intensiven Arbeit mit &hellip; <\/p>\n<p><a class=\"more-link btn\" href=\"https:\/\/kantorei-an-der-melanchthonkirche.de\/\">Weiterlesen<\/a><\/p>\n","protected":false},"author":1,"featured_media":0,"parent":0,"menu_order":0,"comment_status":"closed","ping_status":"closed","template":"","meta":{"footnotes":""},"class_list":["post-18","page","type-page","status-publish","hentry","nodate","item-wrap"],"_links":{"self":[{"href":"https:\/\/kantorei-an-der-melanchthonkirche.de\/index.php\/wp-json\/wp\/v2\/pages\/18","targetHints":{"allow":["GET"]}}],"collection":[{"href":"https:\/\/kantorei-an-der-melanchthonkirche.de\/index.php\/wp-json\/wp\/v2\/pages"}],"about":[{"href":"https:\/\/kantorei-an-der-melanchthonkirche.de\/index.php\/wp-json\/wp\/v2\/types\/page"}],"author":[{"embeddable":true,"href":"https:\/\/kantorei-an-der-melanchthonkirche.de\/index.php\/wp-json\/wp\/v2\/users\/1"}],"replies":[{"embeddable":true,"href":"https:\/\/kantorei-an-der-melanchthonkirche.de\/index.php\/wp-json\/wp\/v2\/comments?post=18"}],"version-history":[{"count":28,"href":"https:\/\/kantorei-an-der-melanchthonkirche.de\/index.php\/wp-json\/wp\/v2\/pages\/18\/revisions"}],"predecessor-version":[{"id":408,"href":"https:\/\/kantorei-an-der-melanchthonkirche.de\/index.php\/wp-json\/wp\/v2\/pages\/18\/revisions\/408"}],"wp:attachment":[{"href":"https:\/\/kantorei-an-der-melanchthonkirche.de\/index.php\/wp-json\/wp\/v2\/media?parent=18"}],"curies":[{"name":"wp","href":"https:\/\/api.w.org\/{rel}","templated":true}]}}