{"id":42,"date":"2018-10-22T14:03:51","date_gmt":"2018-10-22T12:03:51","guid":{"rendered":"http:\/\/173.249.36.217:82\/?page_id=42"},"modified":"2018-10-23T10:59:33","modified_gmt":"2018-10-23T08:59:33","slug":"stimmbildung","status":"publish","type":"page","link":"https:\/\/kantorei-an-der-melanchthonkirche.de\/index.php\/startseite\/stimmbildung\/","title":{"rendered":"Stimmbildung"},"content":{"rendered":"<div class=\"csc-header csc-header-n1\">\n<h1 class=\"csc-firstHeader\">Stimmbildung<\/h1>\n<\/div>\n<p class=\"bodytext\">In regelm\u00e4\u00dfigen Abst\u00e4nden wird die stimmliche Weiterentwicklung des Klangbildes und der Intonation durch Stimmbildung unterst\u00fctzt. Bei diesen Gelegenheiten leitet die Stimmbildnerin das Einsingen und begleitet die Proben, die mit Ludwig Kaiser in der Kirche stattfinden, mit \u00dcbungen in den Stimmgruppen im Nachbarraum. Dar\u00fcber hinaus besteht f\u00fcr interessierte S\u00e4ngerinnen und S\u00e4nger die M\u00f6glichkeit einer individuellen Stimmbildung.<\/p>\n","protected":false},"excerpt":{"rendered":"<p>Stimmbildung In regelm\u00e4\u00dfigen Abst\u00e4nden wird die stimmliche Weiterentwicklung des Klangbildes und der Intonation durch Stimmbildung unterst\u00fctzt. Bei diesen Gelegenheiten leitet die Stimmbildnerin das Einsingen und begleitet die Proben, die mit Ludwig Kaiser in der Kirche stattfinden, mit \u00dcbungen in den Stimmgruppen im Nachbarraum. Dar\u00fcber hinaus besteht f\u00fcr interessierte S\u00e4ngerinnen und S\u00e4nger die M\u00f6glichkeit einer individuellen &hellip; <\/p>\n<p><a class=\"more-link btn\" href=\"https:\/\/kantorei-an-der-melanchthonkirche.de\/index.php\/startseite\/stimmbildung\/\">Weiterlesen<\/a><\/p>\n","protected":false},"author":1,"featured_media":0,"parent":18,"menu_order":0,"comment_status":"closed","ping_status":"closed","template":"","meta":{"footnotes":""},"class_list":["post-42","page","type-page","status-publish","hentry","nodate","item-wrap"],"_links":{"self":[{"href":"https:\/\/kantorei-an-der-melanchthonkirche.de\/index.php\/wp-json\/wp\/v2\/pages\/42","targetHints":{"allow":["GET"]}}],"collection":[{"href":"https:\/\/kantorei-an-der-melanchthonkirche.de\/index.php\/wp-json\/wp\/v2\/pages"}],"about":[{"href":"https:\/\/kantorei-an-der-melanchthonkirche.de\/index.php\/wp-json\/wp\/v2\/types\/page"}],"author":[{"embeddable":true,"href":"https:\/\/kantorei-an-der-melanchthonkirche.de\/index.php\/wp-json\/wp\/v2\/users\/1"}],"replies":[{"embeddable":true,"href":"https:\/\/kantorei-an-der-melanchthonkirche.de\/index.php\/wp-json\/wp\/v2\/comments?post=42"}],"version-history":[{"count":4,"href":"https:\/\/kantorei-an-der-melanchthonkirche.de\/index.php\/wp-json\/wp\/v2\/pages\/42\/revisions"}],"predecessor-version":[{"id":89,"href":"https:\/\/kantorei-an-der-melanchthonkirche.de\/index.php\/wp-json\/wp\/v2\/pages\/42\/revisions\/89"}],"up":[{"embeddable":true,"href":"https:\/\/kantorei-an-der-melanchthonkirche.de\/index.php\/wp-json\/wp\/v2\/pages\/18"}],"wp:attachment":[{"href":"https:\/\/kantorei-an-der-melanchthonkirche.de\/index.php\/wp-json\/wp\/v2\/media?parent=42"}],"curies":[{"name":"wp","href":"https:\/\/api.w.org\/{rel}","templated":true}]}}