{"id":46,"date":"2018-10-22T14:04:40","date_gmt":"2018-10-22T12:04:40","guid":{"rendered":"http:\/\/173.249.36.217:82\/?page_id=46"},"modified":"2018-11-27T00:39:52","modified_gmt":"2018-11-26T23:39:52","slug":"der-chorleiter","status":"publish","type":"page","link":"https:\/\/kantorei-an-der-melanchthonkirche.de\/index.php\/startseite\/der-chorleiter\/","title":{"rendered":"Der Chorleiter"},"content":{"rendered":"<div class=\"csc-header csc-header-n1\">\n<h1 class=\"csc-firstHeader\">Der Chorleiter<\/h1>\n<p><img loading=\"lazy\" decoding=\"async\" class=\"size-medium wp-image-90 alignleft\" src=\"http:\/\/m2712.contabo.net\/~kd53602\/wp-content\/uploads\/2018\/10\/Ludwig-PortraitI-bearbeitet_bearbeitet-3-300x200.jpg\" alt=\"\" width=\"300\" height=\"200\" srcset=\"https:\/\/kantorei-an-der-melanchthonkirche.de\/wp-content\/uploads\/2018\/10\/Ludwig-PortraitI-bearbeitet_bearbeitet-3-300x200.jpg 300w, https:\/\/kantorei-an-der-melanchthonkirche.de\/wp-content\/uploads\/2018\/10\/Ludwig-PortraitI-bearbeitet_bearbeitet-3-768x512.jpg 768w, https:\/\/kantorei-an-der-melanchthonkirche.de\/wp-content\/uploads\/2018\/10\/Ludwig-PortraitI-bearbeitet_bearbeitet-3-1024x683.jpg 1024w\" sizes=\"auto, (max-width: 300px) 100vw, 300px\" \/><\/p>\n<\/div>\n<p class=\"bodytext\">Ludwig Kaiser ist Kantor, Konzertorganist und Komponist.<br \/>\nAb 1978 studierte er an der Folkwang-Hochschule in Essen u.a. bei Prof. Gerd Zacher.<br \/>\n1984 legte er sein Kantoren-A-Examen, 1986 sein Konzertexamen ab. W\u00e4hrend dieser Zeit betrieb er kompositorische Studien bei Juan Allende-Blin.<\/p>\n<p>Eine rege Konzert- und Vortragst\u00e4tigkeit f\u00fchrt ihn ins In- und Ausland, u.a. nach Hamburg, Berlin, Frankfurt, Rom, Leck, New York, Chicago, Piet\u00e0, Athen, Istanbul und Hiroshima.<\/p>\n<p>Seit Jahren kennzeichnen zahlreiche Urauff\u00fchrungen auch eigener Kompositionen f\u00fcr Orgel, interaktive Ensembles, Stummfilm und Chor sein Schaffen.<br \/>\nVieles ist durch Ver\u00f6ffentlichungen und Einspielungen dokumentiert.<\/p>\n<p>Seit 1996 ist Ludwig Kaiser Kantor an der Melanchthonkirche Bochum, Leiter der Kantorei an der Melanchthonkirche und Veranstalter im &#8218;Kulturraum Melanchthonkirche&#8216;.<\/p>\n<p>Seit 1998 Lehrbeauftragter in der F\u00e4cherkombination &#8218;\u00c4sthetische Bildung&#8216; an der Ev. Fachhochschule Bochum.<\/p>\n<p>Seit 1999 k\u00fcnstlerischer Leiter der Bochumer Tage f\u00fcr Neue Musik und seit 2008 Mitveranstalter des Orgelfestival Ruhr.<\/p>\n<p>Aus Anlass des 100. Geburtstags von Olivier Messiaen f\u00fchrte Ludwig Kaiser an acht Abenden \u00fcber das Jahr 2008 verteilt in der Melanchthonkirche und dem Audimax der Ruhr-Universit\u00e4t Bochum das gesamte Orgelwerk Messiaens auf.<\/p>\n","protected":false},"excerpt":{"rendered":"<p>Der Chorleiter Ludwig Kaiser ist Kantor, Konzertorganist und Komponist. Ab 1978 studierte er an der Folkwang-Hochschule in Essen u.a. bei Prof. Gerd Zacher. 1984 legte er sein Kantoren-A-Examen, 1986 sein Konzertexamen ab. W\u00e4hrend dieser Zeit betrieb er kompositorische Studien bei Juan Allende-Blin. Eine rege Konzert- und Vortragst\u00e4tigkeit f\u00fchrt ihn ins In- und Ausland, u.a. nach &hellip; <\/p>\n<p><a class=\"more-link btn\" href=\"https:\/\/kantorei-an-der-melanchthonkirche.de\/index.php\/startseite\/der-chorleiter\/\">Weiterlesen<\/a><\/p>\n","protected":false},"author":1,"featured_media":0,"parent":18,"menu_order":0,"comment_status":"closed","ping_status":"closed","template":"","meta":{"footnotes":""},"class_list":["post-46","page","type-page","status-publish","hentry","nodate","item-wrap"],"_links":{"self":[{"href":"https:\/\/kantorei-an-der-melanchthonkirche.de\/index.php\/wp-json\/wp\/v2\/pages\/46","targetHints":{"allow":["GET"]}}],"collection":[{"href":"https:\/\/kantorei-an-der-melanchthonkirche.de\/index.php\/wp-json\/wp\/v2\/pages"}],"about":[{"href":"https:\/\/kantorei-an-der-melanchthonkirche.de\/index.php\/wp-json\/wp\/v2\/types\/page"}],"author":[{"embeddable":true,"href":"https:\/\/kantorei-an-der-melanchthonkirche.de\/index.php\/wp-json\/wp\/v2\/users\/1"}],"replies":[{"embeddable":true,"href":"https:\/\/kantorei-an-der-melanchthonkirche.de\/index.php\/wp-json\/wp\/v2\/comments?post=46"}],"version-history":[{"count":5,"href":"https:\/\/kantorei-an-der-melanchthonkirche.de\/index.php\/wp-json\/wp\/v2\/pages\/46\/revisions"}],"predecessor-version":[{"id":173,"href":"https:\/\/kantorei-an-der-melanchthonkirche.de\/index.php\/wp-json\/wp\/v2\/pages\/46\/revisions\/173"}],"up":[{"embeddable":true,"href":"https:\/\/kantorei-an-der-melanchthonkirche.de\/index.php\/wp-json\/wp\/v2\/pages\/18"}],"wp:attachment":[{"href":"https:\/\/kantorei-an-der-melanchthonkirche.de\/index.php\/wp-json\/wp\/v2\/media?parent=46"}],"curies":[{"name":"wp","href":"https:\/\/api.w.org\/{rel}","templated":true}]}}