{"id":48,"date":"2018-10-22T14:05:07","date_gmt":"2018-10-22T12:05:07","guid":{"rendered":"http:\/\/173.249.36.217:82\/?page_id=48"},"modified":"2024-01-17T20:53:25","modified_gmt":"2024-01-17T19:53:25","slug":"mitglied-werden","status":"publish","type":"page","link":"https:\/\/kantorei-an-der-melanchthonkirche.de\/index.php\/startseite\/mitglied-werden\/","title":{"rendered":"Mitglied werden"},"content":{"rendered":"<div class=\"csc-header csc-header-n1\">\n<h1 class=\"csc-firstHeader\"><span style=\"font-family: inherit;\">Mitglied werden<\/span><\/h1>\n<\/div>\n<p class=\"bodytext\">Wir freuen uns \u00fcber S\u00e4ngerinnen und S\u00e4nger mit Interesse an unserem Chor. Eine qualifizierte s\u00e4ngerische Vorerfahrung ist erw\u00fcnscht. \u00dcber die Aufnahme in den Chor entscheidet der Chorleiter nach einer dreiw\u00f6chigen Probezeit.<\/p>\n<p class=\"bodytext\">Sind Sie interessiert, so setzen Sie sich bitte mit unserem <a class=\"internal-link\" href=\"http:\/\/m2712.contabo.net\/~kd53602\/der-chor\/der-chorleiter.html\">Chorleiter Ludwig Kaiser<\/a> unter der Telefonnummer 0234 \/ 31 22 41 in Verbindung.<\/p>\n","protected":false},"excerpt":{"rendered":"<p>Mitglied werden Wir freuen uns \u00fcber S\u00e4ngerinnen und S\u00e4nger mit Interesse an unserem Chor. Eine qualifizierte s\u00e4ngerische Vorerfahrung ist erw\u00fcnscht. \u00dcber die Aufnahme in den Chor entscheidet der Chorleiter nach einer dreiw\u00f6chigen Probezeit. Sind Sie interessiert, so setzen Sie sich bitte mit unserem Chorleiter Ludwig Kaiser unter der Telefonnummer 0234 \/ 31 22 41 in &hellip; <\/p>\n<p><a class=\"more-link btn\" href=\"https:\/\/kantorei-an-der-melanchthonkirche.de\/index.php\/startseite\/mitglied-werden\/\">Weiterlesen<\/a><\/p>\n","protected":false},"author":1,"featured_media":0,"parent":18,"menu_order":0,"comment_status":"closed","ping_status":"closed","template":"","meta":{"footnotes":""},"class_list":["post-48","page","type-page","status-publish","hentry","nodate","item-wrap"],"_links":{"self":[{"href":"https:\/\/kantorei-an-der-melanchthonkirche.de\/index.php\/wp-json\/wp\/v2\/pages\/48","targetHints":{"allow":["GET"]}}],"collection":[{"href":"https:\/\/kantorei-an-der-melanchthonkirche.de\/index.php\/wp-json\/wp\/v2\/pages"}],"about":[{"href":"https:\/\/kantorei-an-der-melanchthonkirche.de\/index.php\/wp-json\/wp\/v2\/types\/page"}],"author":[{"embeddable":true,"href":"https:\/\/kantorei-an-der-melanchthonkirche.de\/index.php\/wp-json\/wp\/v2\/users\/1"}],"replies":[{"embeddable":true,"href":"https:\/\/kantorei-an-der-melanchthonkirche.de\/index.php\/wp-json\/wp\/v2\/comments?post=48"}],"version-history":[{"count":9,"href":"https:\/\/kantorei-an-der-melanchthonkirche.de\/index.php\/wp-json\/wp\/v2\/pages\/48\/revisions"}],"predecessor-version":[{"id":382,"href":"https:\/\/kantorei-an-der-melanchthonkirche.de\/index.php\/wp-json\/wp\/v2\/pages\/48\/revisions\/382"}],"up":[{"embeddable":true,"href":"https:\/\/kantorei-an-der-melanchthonkirche.de\/index.php\/wp-json\/wp\/v2\/pages\/18"}],"wp:attachment":[{"href":"https:\/\/kantorei-an-der-melanchthonkirche.de\/index.php\/wp-json\/wp\/v2\/media?parent=48"}],"curies":[{"name":"wp","href":"https:\/\/api.w.org\/{rel}","templated":true}]}}